{"id":641,"date":"2020-04-30T10:25:04","date_gmt":"2020-04-30T10:25:04","guid":{"rendered":"https:\/\/flone.hasthemes.com\/?post_type=product&#038;p=641"},"modified":"2025-03-14T10:08:09","modified_gmt":"2025-03-14T16:08:09","slug":"nvme-nv1-250gb","status":"publish","type":"product","link":"https:\/\/extremecomputadoras.com\/portal\/shop\/nvme-nv1-250gb\/","title":{"rendered":"Kingston SSD PCIe NVMe NV2"},"content":{"rendered":"<p>El disco SSD PCIe NVMe\u2122 NV1 de Kingston es un soluci\u00f3n para el almacenamiento sustancial que ofrece velocidades de lectura\/escritura<sup class=\"footnote-sub\" data-original=\"{{Footnote.N61477}}\">1<\/sup>\u00a0de hasta 2.100\/1.700 MB\/s, que entre triplica y cuadriplica la de los discos SSD basados en SATA, y es 35 veces m\u00e1s r\u00e1pida que un disco duro tradicional. NV1 consume menos electricidad, genera menos calor y su tiempo de arranque es m\u00e1s r\u00e1pido. Por su eficiente rendimiento y por su dise\u00f1o M.2 2280 (22 x 80 mm) de una sola cara, la unidad NV1 es ideal para port\u00e1tiles y sistemas delgados con espacio limitado.<\/p>\n<p>Disponible en capacidades desde 250 GB hasta 2 TB\u00a0para proporcionarle todo el espacio que necesita para aplicaciones, documentos, fotos, v\u00eddeos y un largo etc\u00e9tera.<\/p>\n","protected":false},"excerpt":{"rendered":"<table style=\"height: 184px;\" width=\"816\">\n<tbody>\n<tr>\n<td>Factor de forma<\/td>\n<td>M.2 2280<\/td>\n<\/tr>\n<tr>\n<td>Interfaz<\/td>\n<td>PCIe NVMe\u2122 Gen 3.0 de 4 carriles<\/td>\n<\/tr>\n<tr>\n<td>Capacidades<\/td>\n<td>250 GB,<\/td>\n<\/tr>\n<tr>\n<td>Lectura\/escritura secuencial<\/td>\n<td>\u00a02100\/1100MB\/s<\/td>\n<\/tr>\n<tr>\n<td>Resistencia<\/td>\n<td>60 TBW<\/td>\n<\/tr>\n<\/tbody>\n<\/table>\n","protected":false},"featured_media":1251,"template":"","meta":[],"product_brand":[],"product_cat":[27],"product_tag":[52,51],"class_list":{"0":"post-641","1":"product","2":"type-product","3":"status-publish","4":"has-post-thumbnail","6":"product_cat-almacenamiento","7":"product_tag-kingston-ssd","8":"product_tag-nv1","10":"first","11":"instock","12":"sale","13":"taxable","14":"shipping-taxable","15":"purchasable","16":"product-type-simple"},"_links":{"self":[{"href":"https:\/\/extremecomputadoras.com\/portal\/wp-json\/wp\/v2\/product\/641","targetHints":{"allow":["GET"]}}],"collection":[{"href":"https:\/\/extremecomputadoras.com\/portal\/wp-json\/wp\/v2\/product"}],"about":[{"href":"https:\/\/extremecomputadoras.com\/portal\/wp-json\/wp\/v2\/types\/product"}],"version-history":[{"count":3,"href":"https:\/\/extremecomputadoras.com\/portal\/wp-json\/wp\/v2\/product\/641\/revisions"}],"predecessor-version":[{"id":2334,"href":"https:\/\/extremecomputadoras.com\/portal\/wp-json\/wp\/v2\/product\/641\/revisions\/2334"}],"wp:featuredmedia":[{"embeddable":true,"href":"https:\/\/extremecomputadoras.com\/portal\/wp-json\/wp\/v2\/media\/1251"}],"wp:attachment":[{"href":"https:\/\/extremecomputadoras.com\/portal\/wp-json\/wp\/v2\/media?parent=641"}],"wp:term":[{"taxonomy":"product_brand","embeddable":true,"href":"https:\/\/extremecomputadoras.com\/portal\/wp-json\/wp\/v2\/product_brand?post=641"},{"taxonomy":"product_cat","embeddable":true,"href":"https:\/\/extremecomputadoras.com\/portal\/wp-json\/wp\/v2\/product_cat?post=641"},{"taxonomy":"product_tag","embeddable":true,"href":"https:\/\/extremecomputadoras.com\/portal\/wp-json\/wp\/v2\/product_tag?post=641"}],"curies":[{"name":"wp","href":"https:\/\/api.w.org\/{rel}","templated":true}]}}