{"id":637,"date":"2020-04-30T10:11:36","date_gmt":"2020-04-30T10:11:36","guid":{"rendered":"https:\/\/flone.hasthemes.com\/?post_type=product&#038;p=637"},"modified":"2025-03-14T10:08:31","modified_gmt":"2025-03-14T16:08:31","slug":"a400-ssd480gb","status":"publish","type":"product","link":"https:\/\/extremecomputadoras.com\/portal\/shop\/a400-ssd480gb\/","title":{"rendered":"Kingston  A400 480GB  SSD"},"content":{"rendered":"<p><span dir=\"ltr\" role=\"presentation\">La unidad de estado s\u00f3lido A400 de Kingston mejora dram\u00e1ticamente<\/span><br role=\"presentation\" \/><span dir=\"ltr\" role=\"presentation\">la capacidad de respuesta de su sistema existente con velocidades<\/span><br role=\"presentation\" \/><span dir=\"ltr\" role=\"presentation\">incre\u00edbles de inicio, carga y transferencia, comparadas con los discos duros<\/span><br role=\"presentation\" \/><span dir=\"ltr\" role=\"presentation\">mec\u00e1nicos. Alimentado por un controlador de \u00faltima generaci\u00f3n para<\/span><br role=\"presentation\" \/><span dir=\"ltr\" role=\"presentation\">velocidades de lectura y escritura de hasta 500MB\/seg y 450 MB\/seg<\/span> <br role=\"presentation\" \/><span dir=\"ltr\" role=\"presentation\">, este <\/span><span dir=\"ltr\" role=\"presentation\">SSD es 10 veces m\u00e1s r\u00e1pido que los discos duros tradicionales<\/span><span dir=\"ltr\" role=\"presentation\">1<\/span> <span dir=\"ltr\" role=\"presentation\">para mayor<\/span><br role=\"presentation\" \/><span dir=\"ltr\" role=\"presentation\">rendimiento, multitarea ultra precisa y un sistema m\u00e1s r\u00e1pido en general.<\/span><\/p>\n<p><span dir=\"ltr\" role=\"presentation\">El A400 est\u00e1 disponible en m\u00faltiples factores de forma y capacidades, desde<\/span><br role=\"presentation\" \/><span dir=\"ltr\" role=\"presentation\">120GB\u2013960GB<\/span><span dir=\"ltr\" role=\"presentation\">2<\/span> <span dir=\"ltr\" role=\"presentation\">para darle todo el espacio que necesita para aplicaciones,<\/span><br role=\"presentation\" \/><span dir=\"ltr\" role=\"presentation\">videos, fotos y otros documentos importantes. Tambi\u00e9n puede reemplazar<\/span><br role=\"presentation\" \/><span dir=\"ltr\" role=\"presentation\">su disco duro o un SSD m\u00e1s peque\u00f1o con un dispositivo lo suficientemente<\/span><br role=\"presentation\" \/><span dir=\"ltr\" role=\"presentation\">grande como para almacenar todos sus archivos.<\/span><\/p>\n","protected":false},"excerpt":{"rendered":"<p><strong> <span dir=\"ltr\" role=\"presentation\">Factor de Forma<\/span><\/strong> <span dir=\"ltr\" role=\"presentation\">2.5\u201d &amp; M.2 2280<\/span><br role=\"presentation\" \/><strong><span dir=\"ltr\" role=\"presentation\">Interfaz<\/span><\/strong> <span dir=\"ltr\" role=\"presentation\">SATA Rev. 3.0 (6Gb\/seg) <\/span><br role=\"presentation\" \/><strong><span dir=\"ltr\" role=\"presentation\">Capacidades<\/span><\/strong>\u00a0<span dir=\"ltr\" role=\"presentation\">120GB, 240GB, 480GB, 960GB<\/span><br role=\"presentation\" \/><strong><span dir=\"ltr\" role=\"presentation\">Rendimiento de l\u00ednea base<\/span><span dir=\"ltr\" role=\"presentation\">1<\/span><\/strong><br role=\"presentation\" \/><span dir=\"ltr\" role=\"presentation\">120GB \u2014 hasta 500MB\/seg (lectura) y 320MB\/seg (escritura)<\/span><br role=\"presentation\" \/><span dir=\"ltr\" role=\"presentation\">240GB \u2014 hasta 500MB\/seg (lectura) y 350MB\/seg (escritura)<\/span><br role=\"presentation\" \/><span dir=\"ltr\" role=\"presentation\">480GB \u2014 hasta 500MB\/seg (lectura) y 450MB\/seg (escritura)<\/span><br role=\"presentation\" \/><span dir=\"ltr\" role=\"presentation\">960GB \u2014 hasta 500MB\/seg (lectura) y 450MB\/seg (escritura)<\/span><\/p>\n","protected":false},"featured_media":1256,"template":"","meta":[],"product_brand":[],"product_cat":[27],"product_tag":[26,28,31,34],"class_list":{"0":"post-637","1":"product","2":"type-product","3":"status-publish","4":"has-post-thumbnail","6":"product_cat-almacenamiento","7":"product_tag-bag","8":"product_tag-fashion","9":"product_tag-jumper","10":"product_tag-winter","12":"first","13":"instock","14":"sale","15":"taxable","16":"shipping-taxable","17":"purchasable","18":"product-type-simple"},"_links":{"self":[{"href":"https:\/\/extremecomputadoras.com\/portal\/wp-json\/wp\/v2\/product\/637","targetHints":{"allow":["GET"]}}],"collection":[{"href":"https:\/\/extremecomputadoras.com\/portal\/wp-json\/wp\/v2\/product"}],"about":[{"href":"https:\/\/extremecomputadoras.com\/portal\/wp-json\/wp\/v2\/types\/product"}],"version-history":[{"count":2,"href":"https:\/\/extremecomputadoras.com\/portal\/wp-json\/wp\/v2\/product\/637\/revisions"}],"predecessor-version":[{"id":1368,"href":"https:\/\/extremecomputadoras.com\/portal\/wp-json\/wp\/v2\/product\/637\/revisions\/1368"}],"wp:featuredmedia":[{"embeddable":true,"href":"https:\/\/extremecomputadoras.com\/portal\/wp-json\/wp\/v2\/media\/1256"}],"wp:attachment":[{"href":"https:\/\/extremecomputadoras.com\/portal\/wp-json\/wp\/v2\/media?parent=637"}],"wp:term":[{"taxonomy":"product_brand","embeddable":true,"href":"https:\/\/extremecomputadoras.com\/portal\/wp-json\/wp\/v2\/product_brand?post=637"},{"taxonomy":"product_cat","embeddable":true,"href":"https:\/\/extremecomputadoras.com\/portal\/wp-json\/wp\/v2\/product_cat?post=637"},{"taxonomy":"product_tag","embeddable":true,"href":"https:\/\/extremecomputadoras.com\/portal\/wp-json\/wp\/v2\/product_tag?post=637"}],"curies":[{"name":"wp","href":"https:\/\/api.w.org\/{rel}","templated":true}]}}