{"id":2331,"date":"2025-03-14T10:00:38","date_gmt":"2025-03-14T16:00:38","guid":{"rendered":"https:\/\/extremecomputadoras.com\/portal\/?post_type=product&#038;p=2331"},"modified":"2025-03-14T10:07:13","modified_gmt":"2025-03-14T16:07:13","slug":"unidad-de-almacenamiento-ssd-para-play-station-5-4tb","status":"publish","type":"product","link":"https:\/\/extremecomputadoras.com\/portal\/shop\/unidad-de-almacenamiento-ssd-para-play-station-5-4tb\/","title":{"rendered":"Unidad de Almacenamiento  SSD para Play Station 5  4TB"},"content":{"rendered":"","protected":false},"excerpt":{"rendered":"<p>El modelo de disipador de calor opcional ofrece una capa adicional de dispersi\u00f3n t\u00e9rmica, de modo que cuando el juego se calienta, tu consola PS5\u2122 se mantiene fr\u00eda. Kingston FURY Renegade SSD coincide con el rendimiento de primer nivel de la l\u00ednea de memoria Kingston FURY Renegade para crear el equipo supremo que te mantendr\u00e1 en lo m\u00e1s alto de tu juego.<\/p>\n<p>Almacenamiento de 4TB<\/p>\n<p>Velocidad secuencial Lectura\/Escritura:<\/p>\n<p>500GB \u2013 7,300\/3,900MB\/seg<br \/>\n1TB \u2013 7.300\/6.000MB\/seg<br \/>\n2TB \u2013 7,300\/7,000MB\/seg<br \/>\n4TB \u2013 7,300\/7,000MB\/seg<\/p>\n<p>&nbsp;<\/p>\n","protected":false},"featured_media":2329,"template":"","meta":[],"product_brand":[],"product_cat":[27],"product_tag":[],"class_list":{"0":"post-2331","1":"product","2":"type-product","3":"status-publish","4":"has-post-thumbnail","6":"product_cat-almacenamiento","8":"first","9":"instock","10":"taxable","11":"shipping-taxable","12":"purchasable","13":"product-type-simple"},"_links":{"self":[{"href":"https:\/\/extremecomputadoras.com\/portal\/wp-json\/wp\/v2\/product\/2331","targetHints":{"allow":["GET"]}}],"collection":[{"href":"https:\/\/extremecomputadoras.com\/portal\/wp-json\/wp\/v2\/product"}],"about":[{"href":"https:\/\/extremecomputadoras.com\/portal\/wp-json\/wp\/v2\/types\/product"}],"version-history":[{"count":2,"href":"https:\/\/extremecomputadoras.com\/portal\/wp-json\/wp\/v2\/product\/2331\/revisions"}],"predecessor-version":[{"id":2333,"href":"https:\/\/extremecomputadoras.com\/portal\/wp-json\/wp\/v2\/product\/2331\/revisions\/2333"}],"wp:featuredmedia":[{"embeddable":true,"href":"https:\/\/extremecomputadoras.com\/portal\/wp-json\/wp\/v2\/media\/2329"}],"wp:attachment":[{"href":"https:\/\/extremecomputadoras.com\/portal\/wp-json\/wp\/v2\/media?parent=2331"}],"wp:term":[{"taxonomy":"product_brand","embeddable":true,"href":"https:\/\/extremecomputadoras.com\/portal\/wp-json\/wp\/v2\/product_brand?post=2331"},{"taxonomy":"product_cat","embeddable":true,"href":"https:\/\/extremecomputadoras.com\/portal\/wp-json\/wp\/v2\/product_cat?post=2331"},{"taxonomy":"product_tag","embeddable":true,"href":"https:\/\/extremecomputadoras.com\/portal\/wp-json\/wp\/v2\/product_tag?post=2331"}],"curies":[{"name":"wp","href":"https:\/\/api.w.org\/{rel}","templated":true}]}}