{"id":2282,"date":"2024-06-16T20:44:10","date_gmt":"2024-06-17T02:44:10","guid":{"rendered":"https:\/\/extremecomputadoras.com\/portal\/?post_type=product&#038;p=2282"},"modified":"2024-06-16T20:45:45","modified_gmt":"2024-06-17T02:45:45","slug":"kaspersky-small-office-20-dispositivos-2-servidores-suscripcion-de-12-meses","status":"publish","type":"product","link":"https:\/\/extremecomputadoras.com\/portal\/shop\/kaspersky-small-office-20-dispositivos-2-servidores-suscripcion-de-12-meses\/","title":{"rendered":"Kaspersky Small Office 20 Dispositivos 2 Servidores Suscripci\u00f3n de 12 Meses"},"content":{"rendered":"<h1 class=\"MastHead_title__G4Fr2 MastHeadLight_title__9JE7K\"><b>Permite que su peque\u00f1a empresa crezca con confianza<\/b><\/h1>\n<div class=\"MastHead_text__QCFgS MastHeadLight_text__2UijQ\">Usted es un experto en su negocio. Nuestro negocio es proteger el suyo. <b>Kaspersky Small Office Security<\/b> proporciona lo siguiente:<\/div>\n<ul class=\"MastHead_features__3nsqY\">\n<li class=\"MastHead_featureWrapper__OZoPN\">\n<div class=\"MastHead_feature__ZWJWH MastHeadLight_feature__zVxqI\">Seguridad integral. Protecci\u00f3n, privacidad, administraci\u00f3n de contrase\u00f1as, VPN premium super r\u00e1pida y mucho m\u00e1s.<\/div>\n<\/li>\n<li class=\"MastHead_featureWrapper__OZoPN\">\n<div class=\"MastHead_feature__ZWJWH MastHeadLight_feature__zVxqI\">Administrador de contrase\u00f1as. Proteja sus contrase\u00f1as y datos confidenciales con nuestra b\u00f3veda de seguridad de nivel bancario, accesible desde todos sus dispositivos con solo un clic.<\/div>\n<\/li>\n<li class=\"MastHead_featureWrapper__OZoPN\">\n<div class=\"MastHead_feature__ZWJWH MastHeadLight_feature__zVxqI\">Protecci\u00f3n de errores humanos. Lo protege de suplantaci\u00f3n de identidad (phishing), ransomware y clics accidentales.<\/div>\n<\/li>\n<\/ul>\n<h4 class=\"Content_textTitle__VZQpX\">Proteja todos los dispositivos de la empresa<\/h4>\n<ul class=\"Content_features__NNm3P Content_featuresMargin__tqppx\">\n<li class=\"ListItem_item__k_IrY Item_item__5MSQs\" role=\"region\"><span class=\"Item_itemText__wAtOF\"><b>Asegure todos los equipos, las Mac y los dispositivos m\u00f3viles Android de su oficina<\/b>.<br \/>\nDistribuya la licencia entre los dispositivos de su equipo y lleve adelante su negocio sin amenazas<\/span><\/li>\n<li class=\"ListItem_item__k_IrY Item_item__5MSQs\" role=\"region\"><\/li>\n<\/ul>\n<ul class=\"Content_features__NNm3P Content_featuresMargin__tqppx\">\n<li class=\"ListItem_item__k_IrY Item_item__5MSQs\" role=\"region\"><span class=\"Item_itemText__wAtOF\"><b>Verifique el estado de la licencia en cualquier momento<\/b>.<br \/>\nProteja los dispositivos nuevos enviando un v\u00ednculo por correo electr\u00f3nico y bloquee los dispositivos m\u00f3viles robados o perdidos de forma remota<\/span><\/li>\n<\/ul>\n<div class=\"Content_note__6ezCS Content_noteMargin__wZ_AA\">\n<h4 class=\"Content_textTitle__VZQpX\">Mantenga a salvo los archivos m\u00e1s importantes<\/h4>\n<ul class=\"Content_features__NNm3P Content_featuresMargin__tqppx\">\n<li class=\"ListItem_item__k_IrY Item_item__5MSQs\" role=\"region\"><span class=\"Item_itemText__wAtOF\"><b>Proteja sus datos esenciales de violaciones de seguridad<\/b>.<br \/>\nLos servidores de archivo de su empresa contienen los datos m\u00e1s importantes, incluidos datos confidenciales de la empresa e informaci\u00f3n personal sobre los clientes. Todo esto puede estar en peligro con incluso una sola vulneraci\u00f3n de seguridad.<\/span><\/li>\n<li class=\"ListItem_item__k_IrY Item_item__5MSQs\" role=\"region\"><span class=\"Item_itemText__wAtOF\">Kaspersky Small Office Security protege sus servidores de archivos contra virus, programas troyanos, keyloggers y otros tipos de malware devastadores para garantizar la privacidad de sus datos m\u00e1s importantes.<\/span><\/li>\n<\/ul>\n<\/div>\n<div class=\"Content_note__6ezCS Content_noteMargin__wZ_AA\"><\/div>\n","protected":false},"excerpt":{"rendered":"<div class=\"MastHead_text__QCFgS MastHeadLight_text__2UijQ\">Usted es un experto en su negocio. Nuestro negocio es proteger el suyo. <b>Kaspersky Small Office Security<\/b> proporciona lo siguiente:<\/div>\n<ul class=\"MastHead_features__3nsqY\">\n<li class=\"MastHead_featureWrapper__OZoPN\">\n<div class=\"MastHead_feature__ZWJWH MastHeadLight_feature__zVxqI\">Seguridad integral. Protecci\u00f3n, privacidad, administraci\u00f3n de contrase\u00f1as, VPN premium super r\u00e1pida y mucho m\u00e1s.<\/div>\n<\/li>\n<li class=\"MastHead_featureWrapper__OZoPN\">\n<div class=\"MastHead_feature__ZWJWH MastHeadLight_feature__zVxqI\">Administrador de contrase\u00f1as. Proteja sus contrase\u00f1as y datos confidenciales con nuestra b\u00f3veda de seguridad de nivel bancario, accesible desde todos sus dispositivos con solo un clic.<\/div>\n<\/li>\n<li class=\"MastHead_featureWrapper__OZoPN\">\n<div class=\"MastHead_feature__ZWJWH MastHeadLight_feature__zVxqI\">Protecci\u00f3n de errores humanos. Lo protege de suplantaci\u00f3n de identidad (phishing), ransomware y clics accidentales.<\/div>\n<\/li>\n<\/ul>\n","protected":false},"featured_media":2283,"template":"","meta":[],"product_brand":[],"product_cat":[49],"product_tag":[75],"class_list":{"0":"post-2282","1":"product","2":"type-product","3":"status-publish","4":"has-post-thumbnail","6":"product_cat-software","7":"product_tag-kaspersky-small-office-security","9":"first","10":"instock","11":"sale","12":"virtual","13":"taxable","14":"purchasable","15":"product-type-simple"},"_links":{"self":[{"href":"https:\/\/extremecomputadoras.com\/portal\/wp-json\/wp\/v2\/product\/2282","targetHints":{"allow":["GET"]}}],"collection":[{"href":"https:\/\/extremecomputadoras.com\/portal\/wp-json\/wp\/v2\/product"}],"about":[{"href":"https:\/\/extremecomputadoras.com\/portal\/wp-json\/wp\/v2\/types\/product"}],"version-history":[{"count":2,"href":"https:\/\/extremecomputadoras.com\/portal\/wp-json\/wp\/v2\/product\/2282\/revisions"}],"predecessor-version":[{"id":2285,"href":"https:\/\/extremecomputadoras.com\/portal\/wp-json\/wp\/v2\/product\/2282\/revisions\/2285"}],"wp:featuredmedia":[{"embeddable":true,"href":"https:\/\/extremecomputadoras.com\/portal\/wp-json\/wp\/v2\/media\/2283"}],"wp:attachment":[{"href":"https:\/\/extremecomputadoras.com\/portal\/wp-json\/wp\/v2\/media?parent=2282"}],"wp:term":[{"taxonomy":"product_brand","embeddable":true,"href":"https:\/\/extremecomputadoras.com\/portal\/wp-json\/wp\/v2\/product_brand?post=2282"},{"taxonomy":"product_cat","embeddable":true,"href":"https:\/\/extremecomputadoras.com\/portal\/wp-json\/wp\/v2\/product_cat?post=2282"},{"taxonomy":"product_tag","embeddable":true,"href":"https:\/\/extremecomputadoras.com\/portal\/wp-json\/wp\/v2\/product_tag?post=2282"}],"curies":[{"name":"wp","href":"https:\/\/api.w.org\/{rel}","templated":true}]}}