{"id":2193,"date":"2022-05-09T23:14:16","date_gmt":"2022-05-10T05:14:16","guid":{"rendered":"https:\/\/extremecomputadoras.com\/portal\/?post_type=product&#038;p=2193"},"modified":"2022-05-09T23:14:17","modified_gmt":"2022-05-10T05:14:17","slug":"ups-apc-smart-ups-srt-2200va","status":"publish","type":"product","link":"https:\/\/extremecomputadoras.com\/portal\/shop\/ups-apc-smart-ups-srt-2200va\/","title":{"rendered":"UPS APC Smart-UPS SRT 2200VA"},"content":{"rendered":"","protected":false},"excerpt":{"rendered":"<p><span class=\"VIiyi\" lang=\"es\"><span class=\"JLqJ4b ChMk0b\" data-language-for-alternatives=\"es\" data-language-to-translate-into=\"en\" data-phrase-index=\"0\" data-number-of-phrases=\"1\"><span class=\"Q4iAWc\">Protecci\u00f3n de potencia en l\u00ednea de alta densidad y doble conversi\u00f3n con tiempo de ejecuci\u00f3n escalable.<\/span><\/span><\/span><\/p>\n<div class=\"technical-content-block\"><strong class=\"technical-content-block__category\">Capacidad el\u00e9ctrica de salida<\/strong><\/p>\n<div class=\"technical-content-block__data\">\n<div class=\"technical-content-block__value\">1.8Kilovatios \/\u00a02.2kVA<\/div>\n<\/div>\n<\/div>\n<div class=\"technical-content-block\"><strong class=\"technical-content-block__category\">Conexiones de salida<\/strong><\/p>\n<div class=\"technical-content-block__data\">\n<div class=\"technical-content-block__value\">(1) NEMA L5-20R (Bater\u00eda de reserva)<\/div>\n<div class=\"technical-content-block__value\">(6) NEMA 5-20R (Bater\u00eda de reserva)<\/div>\n<\/div>\n<\/div>\n<div class=\"technical-content-block\"><strong class=\"technical-content-block__category\">Voltaje de salida nominal<\/strong><\/p>\n<div class=\"technical-content-block__data\">\n<div class=\"technical-content-block__value\">120V<\/div>\n<\/div>\n<\/div>\n<div class=\"technical-content-block\"><strong class=\"technical-content-block__category\">Voltaje Nominal de Entrada<\/strong><\/p>\n<div class=\"technical-content-block__data\">\n<div class=\"technical-content-block__value\">120V<\/div>\n<\/div>\n<\/div>\n<div class=\"technical-content-block\"><strong class=\"technical-content-block__category\">Tipo de Conexi\u00f3n de Entrada<\/strong><\/p>\n<div class=\"technical-content-block__data\">\n<div class=\"technical-content-block__value\">NEMA 5-20P<\/div>\n<\/div>\n<\/div>\n<div class=\"technical-content-block\"><strong class=\"technical-content-block__category\">Longitud de Cable<\/strong><\/p>\n<div class=\"technical-content-block__data\">\n<div class=\"technical-content-block__value\">1.8metros<\/div>\n<\/div>\n<\/div>\n","protected":false},"featured_media":2194,"template":"","meta":[],"product_brand":[],"product_cat":[44],"product_tag":[],"class_list":{"0":"post-2193","1":"product","2":"type-product","3":"status-publish","4":"has-post-thumbnail","6":"product_cat-ups-reguladores","8":"first","9":"instock","10":"sale","11":"taxable","12":"shipping-taxable","13":"purchasable","14":"product-type-simple"},"_links":{"self":[{"href":"https:\/\/extremecomputadoras.com\/portal\/wp-json\/wp\/v2\/product\/2193","targetHints":{"allow":["GET"]}}],"collection":[{"href":"https:\/\/extremecomputadoras.com\/portal\/wp-json\/wp\/v2\/product"}],"about":[{"href":"https:\/\/extremecomputadoras.com\/portal\/wp-json\/wp\/v2\/types\/product"}],"version-history":[{"count":1,"href":"https:\/\/extremecomputadoras.com\/portal\/wp-json\/wp\/v2\/product\/2193\/revisions"}],"predecessor-version":[{"id":2196,"href":"https:\/\/extremecomputadoras.com\/portal\/wp-json\/wp\/v2\/product\/2193\/revisions\/2196"}],"wp:featuredmedia":[{"embeddable":true,"href":"https:\/\/extremecomputadoras.com\/portal\/wp-json\/wp\/v2\/media\/2194"}],"wp:attachment":[{"href":"https:\/\/extremecomputadoras.com\/portal\/wp-json\/wp\/v2\/media?parent=2193"}],"wp:term":[{"taxonomy":"product_brand","embeddable":true,"href":"https:\/\/extremecomputadoras.com\/portal\/wp-json\/wp\/v2\/product_brand?post=2193"},{"taxonomy":"product_cat","embeddable":true,"href":"https:\/\/extremecomputadoras.com\/portal\/wp-json\/wp\/v2\/product_cat?post=2193"},{"taxonomy":"product_tag","embeddable":true,"href":"https:\/\/extremecomputadoras.com\/portal\/wp-json\/wp\/v2\/product_tag?post=2193"}],"curies":[{"name":"wp","href":"https:\/\/api.w.org\/{rel}","templated":true}]}}