{"id":692,"date":"2020-04-30T11:33:10","date_gmt":"2020-04-30T11:33:10","guid":{"rendered":"https:\/\/flone.hasthemes.com\/?page_id=692"},"modified":"2022-04-24T21:56:06","modified_gmt":"2022-04-25T03:56:06","slug":"about-us","status":"publish","type":"page","link":"https:\/\/extremecomputadoras.com\/portal\/about-us\/","title":{"rendered":"Acerca de"},"content":{"rendered":"\t\t<div data-elementor-type=\"wp-page\" data-elementor-id=\"692\" class=\"elementor elementor-692\" data-elementor-post-type=\"page\">\n\t\t\t\t\t\t<section class=\"elementor-section elementor-top-section elementor-element elementor-element-52ea582e pb-100 elementor-section-boxed elementor-section-height-default elementor-section-height-default\" data-id=\"52ea582e\" data-element_type=\"section\" data-e-type=\"section\">\n\t\t\t\t\t\t<div class=\"elementor-container elementor-column-gap-default\">\n\t\t\t\t\t<div class=\"elementor-column elementor-col-100 elementor-top-column elementor-element elementor-element-47909c24\" data-id=\"47909c24\" data-element_type=\"column\" data-e-type=\"column\">\n\t\t\t<div class=\"elementor-widget-wrap elementor-element-populated\">\n\t\t\t\t\t\t<div class=\"elementor-element elementor-element-07ca366 elementor-widget elementor-widget-text-editor\" data-id=\"07ca366\" data-element_type=\"widget\" data-e-type=\"widget\" data-widget_type=\"text-editor.default\">\n\t\t\t\t<div class=\"elementor-widget-container\">\n\t\t\t\t\t\t\t\t\t<p>\u00a0<\/p><p style=\"text-align: justify;\">Extreme Computadoras Fue fundada en Octubre de 2007 con la iniciativa de ofrecer el servicio de venta\u00a0 de equipo de c\u00f3mputo a los clientes de soporte t\u00e9cnico que se ten\u00edan en ese entonces para abarcar ese mercado en el cual no se ten\u00eda participaci\u00f3n .A partir de entonces, Extreme Computadoras\u00a0 se ha comprometido a ofrecer equipo de c\u00f3mputo de alta calidad y tecnolog\u00eda, servicios de mantenimiento, reparaci\u00f3n, desarrollo de software y asesor\u00eda en negocios IT, con el fin de suplir las necesidades de los clientes en el mercado salvadore\u00f1o.\u00a0<\/p><p>\u00a0<\/p><p>\u00a0<\/p><p style=\"text-align: justify;\"><strong>Misi\u00f3n <\/strong><br \/>Brindar asesor\u00eda y soluciones a\u00a0 las necesidades del mercado Salvadore\u00f1o en el \u00e1rea de la inform\u00e1tica, a trav\u00e9s de una administraci\u00f3n profesional con productos de calidad y valor agregado a los servicios que ofrecemos.<\/p><p>\u00a0<\/p><p>\u00a0<\/p><p style=\"text-align: justify;\"><strong>Visi\u00f3n <\/strong><br \/>Llegar a ser la Empresa l\u00edder en la asesor\u00eda y venta de soluciones inform\u00e1ticas, maximizando nuestros esfuerzos, minimizando sus costos y actualiz\u00e1ndonos con tecnolog\u00eda de \u00faltima generaci\u00f3n.<\/p>\t\t\t\t\t\t\t\t<\/div>\n\t\t\t\t<\/div>\n\t\t\t\t\t<\/div>\n\t\t<\/div>\n\t\t\t\t\t<\/div>\n\t\t<\/section>\n\t\t\t\t<\/div>\n\t\t","protected":false},"excerpt":{"rendered":"<p>\u00a0 Extreme Computadoras Fue fundada en Octubre de 2007 con la iniciativa de ofrecer el servicio de venta\u00a0 de equipo de c\u00f3mputo a los clientes de soporte t\u00e9cnico que se ten\u00edan en ese entonces para abarcar ese mercado en el cual no se ten\u00eda participaci\u00f3n .A partir de entonces, Extreme Computadoras\u00a0 se ha comprometido a [&hellip;]<\/p>\n<div class=\"blog-share-comment\"><a class=\"readmore\" href=\"https:\/\/extremecomputadoras.com\/portal\/about-us\/ \">Read More<\/a><\/p>\n<div class=\"blog-share\"><span>Share :<\/span><\/p>\n<div class=\"share-social\">\n<ul>\n<li><a class=\"facebook\" target=\"_blank\" href=\"https:\/\/www.facebook.com\/sharer\/sharer.php?u=https:\/\/extremecomputadoras.com\/portal\/about-us\/\"><i class=\"fab fa-facebook\"><\/i><\/a><\/li>\n<li><a class=\"twitter\" target=\"_blank\" href=\"http:\/\/twitter.com\/intent\/tweet?text=Acerca%20de&#038;url=https:\/\/extremecomputadoras.com\/portal\/about-us\/\"><i class=\"fab fa-twitter\"><\/i><\/a><\/li>\n<li><a class=\"pinterest\" target=\"_blank\" href=\"http:\/\/pinterest.com\/pin\/create\/bookmarklet\/?media=&#038;url=https:\/\/extremecomputadoras.com\/portal\/about-us\/&#038;is_video=false&#038;description=Acerca%20de\"><i class=\"fab fa-pinterest\"><\/i><\/a><\/li>\n<\/ul>\n<\/div>\n<\/div>\n<\/div>\n","protected":false},"author":1,"featured_media":0,"parent":0,"menu_order":0,"comment_status":"closed","ping_status":"closed","template":"elementor_header_footer","meta":{"footnotes":""},"class_list":["post-692","page","type-page","status-publish","hentry"],"_links":{"self":[{"href":"https:\/\/extremecomputadoras.com\/portal\/wp-json\/wp\/v2\/pages\/692","targetHints":{"allow":["GET"]}}],"collection":[{"href":"https:\/\/extremecomputadoras.com\/portal\/wp-json\/wp\/v2\/pages"}],"about":[{"href":"https:\/\/extremecomputadoras.com\/portal\/wp-json\/wp\/v2\/types\/page"}],"author":[{"embeddable":true,"href":"https:\/\/extremecomputadoras.com\/portal\/wp-json\/wp\/v2\/users\/1"}],"replies":[{"embeddable":true,"href":"https:\/\/extremecomputadoras.com\/portal\/wp-json\/wp\/v2\/comments?post=692"}],"version-history":[{"count":36,"href":"https:\/\/extremecomputadoras.com\/portal\/wp-json\/wp\/v2\/pages\/692\/revisions"}],"predecessor-version":[{"id":2093,"href":"https:\/\/extremecomputadoras.com\/portal\/wp-json\/wp\/v2\/pages\/692\/revisions\/2093"}],"wp:attachment":[{"href":"https:\/\/extremecomputadoras.com\/portal\/wp-json\/wp\/v2\/media?parent=692"}],"curies":[{"name":"wp","href":"https:\/\/api.w.org\/{rel}","templated":true}]}}