{"id":1720,"date":"2022-04-04T15:27:18","date_gmt":"2022-04-04T15:27:18","guid":{"rendered":"https:\/\/extremecomputadoras.com\/portal\/?page_id=1720"},"modified":"2022-04-24T21:53:55","modified_gmt":"2022-04-25T03:53:55","slug":"desarrollo-web-y-servicios-de-diseno-grafico","status":"publish","type":"page","link":"https:\/\/extremecomputadoras.com\/portal\/desarrollo-web-y-servicios-de-diseno-grafico\/","title":{"rendered":"Desarrollo Web y Servicios de Dise\u00f1o Grafico"},"content":{"rendered":"\t\t<div data-elementor-type=\"wp-page\" data-elementor-id=\"1720\" class=\"elementor elementor-1720\" data-elementor-post-type=\"page\">\n\t\t\t\t\t\t<section class=\"elementor-section elementor-top-section elementor-element elementor-element-720a4d4 elementor-section-boxed elementor-section-height-default elementor-section-height-default\" data-id=\"720a4d4\" data-element_type=\"section\" data-e-type=\"section\">\n\t\t\t\t\t\t<div class=\"elementor-container elementor-column-gap-default\">\n\t\t\t\t\t<div class=\"elementor-column elementor-col-100 elementor-top-column elementor-element elementor-element-7e1b486\" data-id=\"7e1b486\" data-element_type=\"column\" data-e-type=\"column\">\n\t\t\t<div class=\"elementor-widget-wrap elementor-element-populated\">\n\t\t\t\t\t\t<div class=\"elementor-element elementor-element-08bd3be elementor-widget elementor-widget-image\" data-id=\"08bd3be\" data-element_type=\"widget\" data-e-type=\"widget\" data-widget_type=\"image.default\">\n\t\t\t\t<div class=\"elementor-widget-container\">\n\t\t\t\t\t\t\t\t\t\t\t\t\t\t\t<img fetchpriority=\"high\" decoding=\"async\" width=\"840\" height=\"336\" src=\"https:\/\/extremecomputadoras.com\/portal\/wp-content\/uploads\/2022\/04\/diseno-web-2-1024x410-1.png\" class=\"attachment-large size-large wp-image-1802\" alt=\"Dise\u00f1o Web\" srcset=\"https:\/\/extremecomputadoras.com\/portal\/wp-content\/uploads\/2022\/04\/diseno-web-2-1024x410-1.png 1024w, https:\/\/extremecomputadoras.com\/portal\/wp-content\/uploads\/2022\/04\/diseno-web-2-1024x410-1-300x120.png 300w, https:\/\/extremecomputadoras.com\/portal\/wp-content\/uploads\/2022\/04\/diseno-web-2-1024x410-1-768x308.png 768w, https:\/\/extremecomputadoras.com\/portal\/wp-content\/uploads\/2022\/04\/diseno-web-2-1024x410-1-80x32.png 80w, https:\/\/extremecomputadoras.com\/portal\/wp-content\/uploads\/2022\/04\/diseno-web-2-1024x410-1-600x240.png 600w\" sizes=\"(max-width: 840px) 100vw, 840px\" \/>\t\t\t\t\t\t\t\t\t\t\t\t\t\t\t<\/div>\n\t\t\t\t<\/div>\n\t\t\t\t\t<\/div>\n\t\t<\/div>\n\t\t\t\t\t<\/div>\n\t\t<\/section>\n\t\t\t\t<section class=\"elementor-section elementor-top-section elementor-element elementor-element-2c94407 elementor-section-boxed elementor-section-height-default elementor-section-height-default\" data-id=\"2c94407\" data-element_type=\"section\" data-e-type=\"section\">\n\t\t\t\t\t\t<div class=\"elementor-container elementor-column-gap-default\">\n\t\t\t\t\t<div class=\"elementor-column elementor-col-100 elementor-top-column elementor-element elementor-element-cae8497\" data-id=\"cae8497\" data-element_type=\"column\" data-e-type=\"column\">\n\t\t\t<div class=\"elementor-widget-wrap elementor-element-populated\">\n\t\t\t\t\t\t<div class=\"elementor-element elementor-element-d351301 elementor-widget elementor-widget-heading\" data-id=\"d351301\" data-element_type=\"widget\" data-e-type=\"widget\" data-widget_type=\"heading.default\">\n\t\t\t\t<div class=\"elementor-widget-container\">\n\t\t\t\t\t<h2 class=\"elementor-heading-title elementor-size-default\">Tu maravilloso y nuevo sitio web esta a la vuelta de la esquina<\/h2>\t\t\t\t<\/div>\n\t\t\t\t<\/div>\n\t\t\t\t\t<\/div>\n\t\t<\/div>\n\t\t\t\t\t<\/div>\n\t\t<\/section>\n\t\t\t\t<section class=\"elementor-section elementor-top-section elementor-element elementor-element-93aed98 elementor-section-boxed elementor-section-height-default elementor-section-height-default\" data-id=\"93aed98\" data-element_type=\"section\" data-e-type=\"section\">\n\t\t\t\t\t\t<div class=\"elementor-container elementor-column-gap-default\">\n\t\t\t\t\t<div class=\"elementor-column elementor-col-100 elementor-top-column elementor-element elementor-element-d08af60\" data-id=\"d08af60\" data-element_type=\"column\" data-e-type=\"column\">\n\t\t\t<div class=\"elementor-widget-wrap elementor-element-populated\">\n\t\t\t\t\t\t<div class=\"elementor-element elementor-element-9b26e62 elementor-widget elementor-widget-text-editor\" data-id=\"9b26e62\" data-element_type=\"widget\" data-e-type=\"widget\" data-widget_type=\"text-editor.default\">\n\t\t\t\t<div class=\"elementor-widget-container\">\n\t\t\t\t\t\t\t\t\t<p style=\"text-align: center;\">Rel\u00e1jate mientras nuestros dise\u00f1adores profesionales te crean un sitio web atractivo y compatible con dispositivos m\u00f3viles que se adapte a tu industria, sin dejar de seguir tus indicaciones y sugerencias. Trabajamos con WordPress porque es la plataforma de creaci\u00f3n m\u00e1s popular y flexible que existe. Es muy f\u00e1cil ajustar o agregar cosas a tu sitio conforme crece tu negocio y podemos ayudarte con eso.<\/p>\t\t\t\t\t\t\t\t<\/div>\n\t\t\t\t<\/div>\n\t\t\t\t\t<\/div>\n\t\t<\/div>\n\t\t\t\t\t<\/div>\n\t\t<\/section>\n\t\t\t\t<section class=\"elementor-section elementor-top-section elementor-element elementor-element-3a43ce3 elementor-section-boxed elementor-section-height-default elementor-section-height-default\" data-id=\"3a43ce3\" data-element_type=\"section\" data-e-type=\"section\">\n\t\t\t\t\t\t<div class=\"elementor-container elementor-column-gap-default\">\n\t\t\t\t\t<div class=\"elementor-column elementor-col-100 elementor-top-column elementor-element elementor-element-6516a8f\" data-id=\"6516a8f\" data-element_type=\"column\" data-e-type=\"column\">\n\t\t\t<div class=\"elementor-widget-wrap elementor-element-populated\">\n\t\t\t\t\t\t<div class=\"elementor-element elementor-element-3f3289d elementor-widget elementor-widget-spacer\" data-id=\"3f3289d\" data-element_type=\"widget\" data-e-type=\"widget\" data-widget_type=\"spacer.default\">\n\t\t\t\t<div class=\"elementor-widget-container\">\n\t\t\t\t\t\t\t<div class=\"elementor-spacer\">\n\t\t\t<div class=\"elementor-spacer-inner\"><\/div>\n\t\t<\/div>\n\t\t\t\t\t\t<\/div>\n\t\t\t\t<\/div>\n\t\t\t\t\t<\/div>\n\t\t<\/div>\n\t\t\t\t\t<\/div>\n\t\t<\/section>\n\t\t\t\t<section class=\"elementor-section elementor-top-section elementor-element elementor-element-6659670 section-title text-center elementor-section-boxed elementor-section-height-default elementor-section-height-default\" data-id=\"6659670\" data-element_type=\"section\" data-e-type=\"section\">\n\t\t\t\t\t\t<div class=\"elementor-container elementor-column-gap-no\">\n\t\t\t\t\t<div class=\"elementor-column elementor-col-100 elementor-top-column elementor-element elementor-element-77fca56\" data-id=\"77fca56\" data-element_type=\"column\" data-e-type=\"column\">\n\t\t\t<div class=\"elementor-widget-wrap elementor-element-populated\">\n\t\t\t\t\t\t<div class=\"elementor-element elementor-element-7a6ac46 elementor-widget elementor-widget-heading\" data-id=\"7a6ac46\" data-element_type=\"widget\" data-e-type=\"widget\" data-widget_type=\"heading.default\">\n\t\t\t\t<div class=\"elementor-widget-container\">\n\t\t\t\t\t<h2 class=\"elementor-heading-title elementor-size-default\">Como Funciona<\/h2>\t\t\t\t<\/div>\n\t\t\t\t<\/div>\n\t\t\t\t\t<\/div>\n\t\t<\/div>\n\t\t\t\t\t<\/div>\n\t\t<\/section>\n\t\t\t\t<section class=\"elementor-section elementor-top-section elementor-element elementor-element-33dd2db elementor-section-boxed elementor-section-height-default elementor-section-height-default\" data-id=\"33dd2db\" data-element_type=\"section\" data-e-type=\"section\">\n\t\t\t\t\t\t<div class=\"elementor-container elementor-column-gap-default\">\n\t\t\t\t\t<div class=\"elementor-column elementor-col-100 elementor-top-column elementor-element elementor-element-03d4103\" data-id=\"03d4103\" data-element_type=\"column\" data-e-type=\"column\">\n\t\t\t<div class=\"elementor-widget-wrap\">\n\t\t\t\t\t\t\t<\/div>\n\t\t<\/div>\n\t\t\t\t\t<\/div>\n\t\t<\/section>\n\t\t\t\t<section class=\"elementor-section elementor-top-section elementor-element elementor-element-6760df7 elementor-section-boxed elementor-section-height-default elementor-section-height-default\" data-id=\"6760df7\" data-element_type=\"section\" data-e-type=\"section\">\n\t\t\t\t\t\t<div class=\"elementor-container elementor-column-gap-default\">\n\t\t\t\t\t<div class=\"elementor-column elementor-col-33 elementor-top-column elementor-element elementor-element-e7e184b\" data-id=\"e7e184b\" data-element_type=\"column\" data-e-type=\"column\">\n\t\t\t<div class=\"elementor-widget-wrap elementor-element-populated\">\n\t\t\t\t\t\t<div class=\"elementor-element elementor-element-2a50af1 elementor-position-top elementor-widget elementor-widget-image-box\" data-id=\"2a50af1\" data-element_type=\"widget\" data-e-type=\"widget\" data-widget_type=\"image-box.default\">\n\t\t\t\t<div class=\"elementor-widget-container\">\n\t\t\t\t\t<div class=\"elementor-image-box-wrapper\"><figure class=\"elementor-image-box-img\"><img decoding=\"async\" width=\"1500\" height=\"1000\" src=\"https:\/\/extremecomputadoras.com\/portal\/wp-content\/uploads\/2022\/04\/two-business-people-with-laptop-600386.jpg\" class=\"attachment-full size-full wp-image-1820\" alt=\"two-business-people\" srcset=\"https:\/\/extremecomputadoras.com\/portal\/wp-content\/uploads\/2022\/04\/two-business-people-with-laptop-600386.jpg 1500w, https:\/\/extremecomputadoras.com\/portal\/wp-content\/uploads\/2022\/04\/two-business-people-with-laptop-600386-300x200.jpg 300w, https:\/\/extremecomputadoras.com\/portal\/wp-content\/uploads\/2022\/04\/two-business-people-with-laptop-600386-1024x683.jpg 1024w, https:\/\/extremecomputadoras.com\/portal\/wp-content\/uploads\/2022\/04\/two-business-people-with-laptop-600386-768x512.jpg 768w, https:\/\/extremecomputadoras.com\/portal\/wp-content\/uploads\/2022\/04\/two-business-people-with-laptop-600386-80x53.jpg 80w, https:\/\/extremecomputadoras.com\/portal\/wp-content\/uploads\/2022\/04\/two-business-people-with-laptop-600386-600x400.jpg 600w\" sizes=\"(max-width: 1500px) 100vw, 1500px\" \/><\/figure><div class=\"elementor-image-box-content\"><h3 class=\"elementor-image-box-title\">Comparte tu idea<\/h3><p class=\"elementor-image-box-description\">\nReunamonos y cu\u00e9ntanos tus ideas y tu visi\u00f3n.\nLuego podremos ayudarte a elegir el mejor dise\u00f1o para tu negocio. Si los tienes, env\u00edanos tu texto, logotipos e im\u00e1genes. Si no los tienes, tenemos una enorme biblioteca de fotos profesionales para hacer que tu sitio se vea incre\u00edble.<\/p><\/div><\/div>\t\t\t\t<\/div>\n\t\t\t\t<\/div>\n\t\t\t\t\t<\/div>\n\t\t<\/div>\n\t\t\t\t<div class=\"elementor-column elementor-col-33 elementor-top-column elementor-element elementor-element-db564a8\" data-id=\"db564a8\" data-element_type=\"column\" data-e-type=\"column\">\n\t\t\t<div class=\"elementor-widget-wrap elementor-element-populated\">\n\t\t\t\t\t\t<div class=\"elementor-element elementor-element-8ea5579 elementor-position-top elementor-widget elementor-widget-image-box\" data-id=\"8ea5579\" data-element_type=\"widget\" data-e-type=\"widget\" data-widget_type=\"image-box.default\">\n\t\t\t\t<div class=\"elementor-widget-container\">\n\t\t\t\t\t<div class=\"elementor-image-box-wrapper\"><figure class=\"elementor-image-box-img\"><img decoding=\"async\" width=\"879\" height=\"501\" src=\"https:\/\/extremecomputadoras.com\/portal\/wp-content\/uploads\/2022\/04\/feat-wds-we-start-building-e1650252212112.jpg\" class=\"attachment-full size-full wp-image-1832\" alt=\"\" srcset=\"https:\/\/extremecomputadoras.com\/portal\/wp-content\/uploads\/2022\/04\/feat-wds-we-start-building-e1650252212112.jpg 879w, https:\/\/extremecomputadoras.com\/portal\/wp-content\/uploads\/2022\/04\/feat-wds-we-start-building-e1650252212112-300x171.jpg 300w, https:\/\/extremecomputadoras.com\/portal\/wp-content\/uploads\/2022\/04\/feat-wds-we-start-building-e1650252212112-768x438.jpg 768w, https:\/\/extremecomputadoras.com\/portal\/wp-content\/uploads\/2022\/04\/feat-wds-we-start-building-e1650252212112-80x46.jpg 80w, https:\/\/extremecomputadoras.com\/portal\/wp-content\/uploads\/2022\/04\/feat-wds-we-start-building-e1650252212112-600x342.jpg 600w\" sizes=\"(max-width: 879px) 100vw, 879px\" \/><\/figure><div class=\"elementor-image-box-content\"><h3 class=\"elementor-image-box-title\">Comencemos a crear<\/h3><p class=\"elementor-image-box-description\">\ncomenzaremos a trabajar para dar vida a tu visi\u00f3n. Recopilamos tu contenido e im\u00e1genes para poder crear tu sitio lo m\u00e1s r\u00e1pido posible. Luego, te lo enviamos para que lo revises y, una vez que lo apruebas, se activa. As\u00ed de f\u00e1cil.<\/p><\/div><\/div>\t\t\t\t<\/div>\n\t\t\t\t<\/div>\n\t\t\t\t\t<\/div>\n\t\t<\/div>\n\t\t\t\t<div class=\"elementor-column elementor-col-33 elementor-top-column elementor-element elementor-element-0b05cf1\" data-id=\"0b05cf1\" data-element_type=\"column\" data-e-type=\"column\">\n\t\t\t<div class=\"elementor-widget-wrap elementor-element-populated\">\n\t\t\t\t\t\t<div class=\"elementor-element elementor-element-f817648 elementor-position-top elementor-widget elementor-widget-image-box\" data-id=\"f817648\" data-element_type=\"widget\" data-e-type=\"widget\" data-widget_type=\"image-box.default\">\n\t\t\t\t<div class=\"elementor-widget-container\">\n\t\t\t\t\t<div class=\"elementor-image-box-wrapper\"><figure class=\"elementor-image-box-img\"><img loading=\"lazy\" decoding=\"async\" width=\"880\" height=\"700\" src=\"https:\/\/extremecomputadoras.com\/portal\/wp-content\/uploads\/2022\/04\/feat-wds-bigger-better.jpg\" class=\"attachment-full size-full wp-image-1833\" alt=\"Tienda Online\" srcset=\"https:\/\/extremecomputadoras.com\/portal\/wp-content\/uploads\/2022\/04\/feat-wds-bigger-better.jpg 880w, https:\/\/extremecomputadoras.com\/portal\/wp-content\/uploads\/2022\/04\/feat-wds-bigger-better-300x239.jpg 300w, https:\/\/extremecomputadoras.com\/portal\/wp-content\/uploads\/2022\/04\/feat-wds-bigger-better-768x611.jpg 768w, https:\/\/extremecomputadoras.com\/portal\/wp-content\/uploads\/2022\/04\/feat-wds-bigger-better-80x64.jpg 80w, https:\/\/extremecomputadoras.com\/portal\/wp-content\/uploads\/2022\/04\/feat-wds-bigger-better-600x477.jpg 600w\" sizes=\"(max-width: 880px) 100vw, 880px\" \/><\/figure><div class=\"elementor-image-box-content\"><h3 class=\"elementor-image-box-title\">Agregamos M\u00e0s ?<\/h3><p class=\"elementor-image-box-description\">\u00bfNecesitas ayuda con el mantenimiento de tu sitio? \u00bfQuieres m\u00e1s? No hay problema. Estaremos disponibles cuando te llegue la inspiraci\u00f3n y desees actualizar tu sitio. Nos encargaremos y haremos el trabajo necesario para mejorar tu sitio y darle el mantenimiento adecuado mensual.<\/p><\/div><\/div>\t\t\t\t<\/div>\n\t\t\t\t<\/div>\n\t\t\t\t\t<\/div>\n\t\t<\/div>\n\t\t\t\t\t<\/div>\n\t\t<\/section>\n\t\t\t\t<section class=\"elementor-section elementor-top-section elementor-element elementor-element-96816fc elementor-section-boxed elementor-section-height-default elementor-section-height-default\" data-id=\"96816fc\" data-element_type=\"section\" data-e-type=\"section\">\n\t\t\t\t\t\t<div class=\"elementor-container elementor-column-gap-default\">\n\t\t\t\t\t<div class=\"elementor-column elementor-col-100 elementor-top-column elementor-element elementor-element-dcee3d5\" data-id=\"dcee3d5\" data-element_type=\"column\" data-e-type=\"column\">\n\t\t\t<div class=\"elementor-widget-wrap elementor-element-populated\">\n\t\t\t\t\t\t<div class=\"elementor-element elementor-element-d7624b5 elementor-position-top elementor-widget elementor-widget-image-box\" data-id=\"d7624b5\" data-element_type=\"widget\" data-e-type=\"widget\" data-widget_type=\"image-box.default\">\n\t\t\t\t<div class=\"elementor-widget-container\">\n\t\t\t\t\t<div class=\"elementor-image-box-wrapper\"><figure class=\"elementor-image-box-img\"><img decoding=\"async\" src=\"https:\/\/extremecomputadoras.com\/portal\/wp-content\/uploads\/2022\/04\/como-emitir-facturas-del-e-commerce.jpg\" title=\"\" alt=\"\" loading=\"lazy\" \/><\/figure><div class=\"elementor-image-box-content\"><h3 class=\"elementor-image-box-title\">Dise\u00f1amos tu tienda online<\/h3><p class=\"elementor-image-box-description\">Si lo que necesitas es un sitio web con tienda online integrada, crearemos tu web en WordPress y le a\u00f1adiremos el plugin de tienda online Woo-commerce. Obtendr\u00e1s una web desde la que podr\u00e1s vender c\u00f3modamente tus productos. Tienda con dise\u00f1o responsivo y optimizado para buscadores.\nte ayudaremos a escoger la pasarela de pagos que mejor se adapte a sus  necesidades.\n<p>\n<p>\nTambien podemos ayudarte con la papeleria de tu negocio , creacion de artes para folletos , flyer , etc .<\/p><\/div><\/div>\t\t\t\t<\/div>\n\t\t\t\t<\/div>\n\t\t\t\t\t<\/div>\n\t\t<\/div>\n\t\t\t\t\t<\/div>\n\t\t<\/section>\n\t\t\t\t<section class=\"elementor-section elementor-top-section elementor-element elementor-element-ecd70f9 elementor-section-boxed elementor-section-height-default elementor-section-height-default\" data-id=\"ecd70f9\" data-element_type=\"section\" data-e-type=\"section\">\n\t\t\t\t\t\t<div class=\"elementor-container elementor-column-gap-default\">\n\t\t\t\t\t<div class=\"elementor-column elementor-col-100 elementor-top-column elementor-element elementor-element-93c4bd6\" data-id=\"93c4bd6\" data-element_type=\"column\" data-e-type=\"column\">\n\t\t\t<div class=\"elementor-widget-wrap elementor-element-populated\">\n\t\t\t\t\t\t<div class=\"elementor-element elementor-element-a8c0d38 elementor-widget elementor-widget-spacer\" data-id=\"a8c0d38\" data-element_type=\"widget\" data-e-type=\"widget\" data-widget_type=\"spacer.default\">\n\t\t\t\t<div class=\"elementor-widget-container\">\n\t\t\t\t\t\t\t<div class=\"elementor-spacer\">\n\t\t\t<div class=\"elementor-spacer-inner\"><\/div>\n\t\t<\/div>\n\t\t\t\t\t\t<\/div>\n\t\t\t\t<\/div>\n\t\t\t\t\t<\/div>\n\t\t<\/div>\n\t\t\t\t\t<\/div>\n\t\t<\/section>\n\t\t\t\t<section class=\"elementor-section elementor-top-section elementor-element elementor-element-bd6d4bd elementor-section-boxed elementor-section-height-default elementor-section-height-default\" data-id=\"bd6d4bd\" data-element_type=\"section\" data-e-type=\"section\">\n\t\t\t\t\t\t<div class=\"elementor-container elementor-column-gap-default\">\n\t\t\t\t\t<div class=\"elementor-column elementor-col-100 elementor-top-column elementor-element elementor-element-00e4433\" data-id=\"00e4433\" data-element_type=\"column\" data-e-type=\"column\">\n\t\t\t<div class=\"elementor-widget-wrap elementor-element-populated\">\n\t\t\t\t\t\t<div class=\"elementor-element elementor-element-fad5aa6 elementor-widget elementor-widget-heading\" data-id=\"fad5aa6\" data-element_type=\"widget\" data-e-type=\"widget\" data-widget_type=\"heading.default\">\n\t\t\t\t<div class=\"elementor-widget-container\">\n\t\t\t\t\t<h2 class=\"elementor-heading-title elementor-size-default\">\n\u00bfNecesitas ayuda con tu decisi\u00f3n? Llama al (503) 2516-5659 o escribemos para obtener una asesoria gratis con uno de nuestros expertos .<\/h2>\t\t\t\t<\/div>\n\t\t\t\t<\/div>\n\t\t\t\t\t<\/div>\n\t\t<\/div>\n\t\t\t\t\t<\/div>\n\t\t<\/section>\n\t\t\t\t<section class=\"elementor-section elementor-top-section elementor-element elementor-element-b2d7fc5 elementor-section-boxed elementor-section-height-default elementor-section-height-default\" data-id=\"b2d7fc5\" data-element_type=\"section\" data-e-type=\"section\">\n\t\t\t\t\t\t<div class=\"elementor-container elementor-column-gap-default\">\n\t\t\t\t\t<div class=\"elementor-column elementor-col-100 elementor-top-column elementor-element elementor-element-cc0f861\" data-id=\"cc0f861\" data-element_type=\"column\" data-e-type=\"column\">\n\t\t\t<div class=\"elementor-widget-wrap elementor-element-populated\">\n\t\t\t\t\t\t<div class=\"elementor-element elementor-element-cbea0f5 elementor-button-align-stretch elementor-widget elementor-widget-form\" data-id=\"cbea0f5\" data-element_type=\"widget\" data-e-type=\"widget\" data-settings=\"{&quot;step_next_label&quot;:&quot;Next&quot;,&quot;step_previous_label&quot;:&quot;Previous&quot;,&quot;button_width&quot;:&quot;100&quot;,&quot;step_type&quot;:&quot;number_text&quot;,&quot;step_icon_shape&quot;:&quot;circle&quot;}\" data-widget_type=\"form.default\">\n\t\t\t\t<div class=\"elementor-widget-container\">\n\t\t\t\t\t\t\t<form class=\"elementor-form\" method=\"post\" name=\"New Form\">\n\t\t\t<input type=\"hidden\" name=\"post_id\" value=\"1720\"\/>\n\t\t\t<input type=\"hidden\" name=\"form_id\" value=\"cbea0f5\"\/>\n\t\t\t<input type=\"hidden\" name=\"referer_title\" value=\"\" \/>\n\n\t\t\t\n\t\t\t<div class=\"elementor-form-fields-wrapper elementor-labels-above\">\n\t\t\t\t\t\t\t\t<div class=\"elementor-field-type-text elementor-field-group elementor-column elementor-field-group-name elementor-col-100 elementor-field-required elementor-mark-required\">\n\t\t\t\t\t\t\t\t\t\t\t\t<label for=\"form-field-name\" class=\"elementor-field-label\">\n\t\t\t\t\t\t\t\tNombre\t\t\t\t\t\t\t<\/label>\n\t\t\t\t\t\t\t\t\t\t\t\t\t\t<input size=\"1\" type=\"text\" name=\"form_fields[name]\" id=\"form-field-name\" class=\"elementor-field elementor-size-sm  elementor-field-textual\" placeholder=\"Escribe Tu Nombre Aqui\" required=\"required\" aria-required=\"true\">\n\t\t\t\t\t\t\t\t\t\t\t<\/div>\n\t\t\t\t\t\t\t\t<div class=\"elementor-field-type-email elementor-field-group elementor-column elementor-field-group-email elementor-col-100 elementor-field-required elementor-mark-required\">\n\t\t\t\t\t\t\t\t\t\t\t\t<label for=\"form-field-email\" class=\"elementor-field-label\">\n\t\t\t\t\t\t\t\tEmail\t\t\t\t\t\t\t<\/label>\n\t\t\t\t\t\t\t\t\t\t\t\t\t\t<input size=\"1\" type=\"email\" name=\"form_fields[email]\" id=\"form-field-email\" class=\"elementor-field elementor-size-sm  elementor-field-textual\" placeholder=\"Escribe tu Correo Aqui\" required=\"required\" aria-required=\"true\">\n\t\t\t\t\t\t\t\t\t\t\t<\/div>\n\t\t\t\t\t\t\t\t<div class=\"elementor-field-type-text elementor-field-group elementor-column elementor-field-group-field_7af5596 elementor-col-100\">\n\t\t\t\t\t\t\t\t\t\t\t\t<label for=\"form-field-field_7af5596\" class=\"elementor-field-label\">\n\t\t\t\t\t\t\t\tTelefono\t\t\t\t\t\t\t<\/label>\n\t\t\t\t\t\t\t\t\t\t\t\t\t\t<input size=\"1\" type=\"text\" name=\"form_fields[field_7af5596]\" id=\"form-field-field_7af5596\" class=\"elementor-field elementor-size-sm  elementor-field-textual\" placeholder=\"Escribe tu Telefono Aqui\">\n\t\t\t\t\t\t\t\t\t\t\t<\/div>\n\t\t\t\t\t\t\t\t<div class=\"elementor-field-type-textarea elementor-field-group elementor-column elementor-field-group-message elementor-col-100\">\n\t\t\t\t\t\t\t\t\t\t\t\t<label for=\"form-field-message\" class=\"elementor-field-label\">\n\t\t\t\t\t\t\t\tMensaje\t\t\t\t\t\t\t<\/label>\n\t\t\t\t\t\t<textarea class=\"elementor-field-textual elementor-field  elementor-size-sm\" name=\"form_fields[message]\" id=\"form-field-message\" rows=\"4\" placeholder=\"Escribe tu Mensaje Aqui\"><\/textarea>\t\t\t\t<\/div>\n\t\t\t\t\t\t\t\t<div class=\"elementor-field-group elementor-column elementor-field-type-submit elementor-col-100 e-form__buttons\">\n\t\t\t\t\t<button class=\"elementor-button elementor-size-sm\" type=\"submit\">\n\t\t\t\t\t\t<span class=\"elementor-button-content-wrapper\">\n\t\t\t\t\t\t\t\t\t\t\t\t\t\t\t\t\t\t\t\t\t\t<span class=\"elementor-button-text\">Send<\/span>\n\t\t\t\t\t\t\t\t\t\t\t\t\t<\/span>\n\t\t\t\t\t<\/button>\n\t\t\t\t<\/div>\n\t\t\t<\/div>\n\t\t<\/form>\n\t\t\t\t\t\t<\/div>\n\t\t\t\t<\/div>\n\t\t\t\t\t<\/div>\n\t\t<\/div>\n\t\t\t\t\t<\/div>\n\t\t<\/section>\n\t\t\t\t<\/div>\n\t\t","protected":false},"excerpt":{"rendered":"<p>Tu maravilloso y nuevo sitio web esta a la vuelta de la esquina Rel\u00e1jate mientras nuestros dise\u00f1adores profesionales te crean un sitio web atractivo y compatible con dispositivos m\u00f3viles que se adapte a tu industria, sin dejar de seguir tus indicaciones y sugerencias. Trabajamos con WordPress porque es la plataforma de creaci\u00f3n m\u00e1s popular y [&hellip;]<\/p>\n<div class=\"blog-share-comment\"><a class=\"readmore\" href=\"https:\/\/extremecomputadoras.com\/portal\/desarrollo-web-y-servicios-de-diseno-grafico\/ \">Read More<\/a><\/p>\n<div class=\"blog-share\"><span>Share :<\/span><\/p>\n<div class=\"share-social\">\n<ul>\n<li><a class=\"facebook\" target=\"_blank\" href=\"https:\/\/www.facebook.com\/sharer\/sharer.php?u=https:\/\/extremecomputadoras.com\/portal\/desarrollo-web-y-servicios-de-diseno-grafico\/\"><i class=\"fab fa-facebook\"><\/i><\/a><\/li>\n<li><a class=\"twitter\" target=\"_blank\" href=\"http:\/\/twitter.com\/intent\/tweet?text=Desarrollo%20Web%20y%20Servicios%20de%20Dise%C3%B1o%20Grafico&#038;url=https:\/\/extremecomputadoras.com\/portal\/desarrollo-web-y-servicios-de-diseno-grafico\/\"><i class=\"fab fa-twitter\"><\/i><\/a><\/li>\n<li><a class=\"pinterest\" target=\"_blank\" href=\"http:\/\/pinterest.com\/pin\/create\/bookmarklet\/?media=&#038;url=https:\/\/extremecomputadoras.com\/portal\/desarrollo-web-y-servicios-de-diseno-grafico\/&#038;is_video=false&#038;description=Desarrollo%20Web%20y%20Servicios%20de%20Dise%C3%B1o%20Grafico\"><i class=\"fab fa-pinterest\"><\/i><\/a><\/li>\n<\/ul>\n<\/div>\n<\/div>\n<\/div>\n","protected":false},"author":1,"featured_media":0,"parent":0,"menu_order":0,"comment_status":"closed","ping_status":"closed","template":"","meta":{"footnotes":""},"class_list":["post-1720","page","type-page","status-publish","hentry"],"_links":{"self":[{"href":"https:\/\/extremecomputadoras.com\/portal\/wp-json\/wp\/v2\/pages\/1720","targetHints":{"allow":["GET"]}}],"collection":[{"href":"https:\/\/extremecomputadoras.com\/portal\/wp-json\/wp\/v2\/pages"}],"about":[{"href":"https:\/\/extremecomputadoras.com\/portal\/wp-json\/wp\/v2\/types\/page"}],"author":[{"embeddable":true,"href":"https:\/\/extremecomputadoras.com\/portal\/wp-json\/wp\/v2\/users\/1"}],"replies":[{"embeddable":true,"href":"https:\/\/extremecomputadoras.com\/portal\/wp-json\/wp\/v2\/comments?post=1720"}],"version-history":[{"count":61,"href":"https:\/\/extremecomputadoras.com\/portal\/wp-json\/wp\/v2\/pages\/1720\/revisions"}],"predecessor-version":[{"id":2090,"href":"https:\/\/extremecomputadoras.com\/portal\/wp-json\/wp\/v2\/pages\/1720\/revisions\/2090"}],"wp:attachment":[{"href":"https:\/\/extremecomputadoras.com\/portal\/wp-json\/wp\/v2\/media?parent=1720"}],"curies":[{"name":"wp","href":"https:\/\/api.w.org\/{rel}","templated":true}]}}